{"id":278,"date":"2016-09-28T20:54:37","date_gmt":"2016-09-28T18:54:37","guid":{"rendered":"http:\/\/www.julk.at\/web\/?page_id=278"},"modified":"2016-10-07T11:38:14","modified_gmt":"2016-10-07T09:38:14","slug":"blue-office","status":"publish","type":"page","link":"https:\/\/www.blankedv.at\/wp\/blue-office\/","title":{"rendered":"blue office\u00ae"},"content":{"rendered":"<h2><strong>blue office\u00ae<\/strong><\/h2>\n<p>Sie\u00a0arbeiten mit einer auf Ihre Anforderungen zugeschnittenen L\u00f6sung.\u00a0Wir passen die branchenneutrale, flexible Unternehmenssoftware an Ihre Arbeitsabl\u00e4ufe an.<br \/>\nDurch das modulare System, ausgehend von den Grundversionen light, standard und professional bezahlen Sie nur das, was Sie wirklich brauchen.<\/p>\n<p>Diese\u00a0Warenwirtschaft ist perfekt auf die Bed\u00fcrfnisse kleiner, mittlerer und gro\u00dfer Firmen ausgelegt. Spezielle\u00a0Anforderungen und W\u00fcnsche des Unternehmens werden individuell ber\u00fccksichtigt.<\/p>\n<p>Egal ob Gross- oder Einzelhandel, Handwerker, Industriebetriebe oder Dienstleister: mit dem modularen System ist Spezialisierung dort m\u00f6glich, wo sie wirklich ben\u00f6tigt wird.<\/p>\n<h4><strong>Wir\u00a0ebnen Ihnen den Weg zu einer auf Ihre Anforderungen genau zugeschnittenen und benutzerfreundlichen Gesamtl\u00f6sung.\u00a0<\/strong><\/h4>\n<p><strong>Wir ermitteln gemeinsam was Sie brauchen \u2013 <\/strong>und setzen genau das um<strong>.<br \/>\n<\/strong><strong>Wir passen die Auftragsbearbeitung\u00a0an die Bed\u00fcrfnisse Ihres Betriebes an \u2013 <\/strong>m\u00f6glich durch den modularen Aufbau.<br \/>\n<strong>Das macht sich im Preis bemerkbar \u2013 <\/strong>Sie kaufen nur das was Sie wirklich brauchen.<\/p>\n<h3>blue office<strong>\u00ae\u00a0<\/strong>Grundmodule<\/h3>\n<p><strong>Auftrag light<\/strong><\/p>\n<p>Adressverwaltung, Dokumentenablage, Angebot, Auftragsbest\u00e4tigung, Lieferschein und Rechnung einfach erstellen, Artikelverwaltung, Termine, Aufgaben, Serienbriefe + E-Mails<\/p>\n<p><strong>Auftrag standard<\/strong><\/p>\n<p>Artikel- und Lagerverwaltung, St\u00fcckliste, Seriennummer, Charge, Ausf\u00fchrung, Bestellwesen, Rahmenauftrag, R\u00fcckstandsaufl\u00f6sung, Projektverwaltung, Zeiterfassung<\/p>\n<p><strong>Auftrag professional<\/strong><\/p>\n<p>Produktionsmanager und -Planung, Materialbeschaffung, Reparaturmanager sowie bereits integrierte Zusatzmodule wie TAPI-Schnittstelle, Lead Tracking, Dokument Management System<\/p>\n<h3>Zusatzmodule<\/h3>\n<p>Registrierkasse, E-Shop, Offene Posten Verwaltung, Handels- und Handwerkerpaket<\/p>\n<p style=\"text-align: right;\"><a href=\"http:\/\/www.blankedv.at\/wp\/?page_id=301\">zur\u00fcck<\/a><\/p>\n","protected":false},"excerpt":{"rendered":"<p>blue office\u00ae Sie\u00a0arbeiten mit einer auf Ihre Anforderungen zugeschnittenen L\u00f6sung.\u00a0Wir passen die branchenneutrale, flexible Unternehmenssoftware an Ihre Arbeitsabl\u00e4ufe an. Durch das modulare System, ausgehend von den Grundversionen light, standard und professional bezahlen Sie nur das, was Sie wirklich brauchen. Diese\u00a0Warenwirtschaft&#8230; <a class=\"more-link\" href=\"https:\/\/www.blankedv.at\/wp\/blue-office\/\">Weiterlesen &rarr;<\/a><\/p>\n","protected":false},"author":2,"featured_media":0,"parent":0,"menu_order":0,"comment_status":"closed","ping_status":"closed","template":"","meta":{"footnotes":""},"class_list":["post-278","page","type-page","status-publish","hentry"],"_links":{"self":[{"href":"https:\/\/www.blankedv.at\/wp\/wp-json\/wp\/v2\/pages\/278","targetHints":{"allow":["GET"]}}],"collection":[{"href":"https:\/\/www.blankedv.at\/wp\/wp-json\/wp\/v2\/pages"}],"about":[{"href":"https:\/\/www.blankedv.at\/wp\/wp-json\/wp\/v2\/types\/page"}],"author":[{"embeddable":true,"href":"https:\/\/www.blankedv.at\/wp\/wp-json\/wp\/v2\/users\/2"}],"replies":[{"embeddable":true,"href":"https:\/\/www.blankedv.at\/wp\/wp-json\/wp\/v2\/comments?post=278"}],"version-history":[{"count":3,"href":"https:\/\/www.blankedv.at\/wp\/wp-json\/wp\/v2\/pages\/278\/revisions"}],"predecessor-version":[{"id":385,"href":"https:\/\/www.blankedv.at\/wp\/wp-json\/wp\/v2\/pages\/278\/revisions\/385"}],"wp:attachment":[{"href":"https:\/\/www.blankedv.at\/wp\/wp-json\/wp\/v2\/media?parent=278"}],"curies":[{"name":"wp","href":"https:\/\/api.w.org\/{rel}","templated":true}]}}